{"id":550,"date":"2023-10-06T09:15:30","date_gmt":"2023-10-06T07:15:30","guid":{"rendered":"http:\/\/anita-baudouin-hypnose-naturopathie.fr\/?page_id=550"},"modified":"2023-11-20T16:06:01","modified_gmt":"2023-11-20T15:06:01","slug":"phobies-peurs","status":"publish","type":"page","link":"https:\/\/anita-baudouin-hypnose-naturopathie.fr\/index.php\/phobies-peurs\/","title":{"rendered":"Phobies \/ Peurs"},"content":{"rendered":"\t\t<div data-elementor-type=\"wp-page\" data-elementor-id=\"550\" class=\"elementor elementor-550\">\n\t\t\t\t<div class=\"elementor-element elementor-element-ea6bf13 e-flex e-con-boxed e-con e-parent\" data-id=\"ea6bf13\" data-element_type=\"container\" data-e-type=\"container\">\n\t\t\t\t\t<div class=\"e-con-inner\">\n\t\t<div class=\"elementor-element elementor-element-d7de3c7 e-con-full e-flex e-con e-child\" data-id=\"d7de3c7\" data-element_type=\"container\" data-e-type=\"container\">\n\t\t<div class=\"elementor-element elementor-element-4720e14 e-flex e-con-boxed e-con e-child\" data-id=\"4720e14\" data-element_type=\"container\" data-e-type=\"container\">\n\t\t\t\t\t<div class=\"e-con-inner\">\n\t\t\t\t<div class=\"elementor-element elementor-element-919f3ca elementor-widget elementor-widget-heading\" data-id=\"919f3ca\" data-element_type=\"widget\" data-e-type=\"widget\" data-widget_type=\"heading.default\">\n\t\t\t\t<div class=\"elementor-widget-container\">\n\t\t\t\t\t<h2 class=\"elementor-heading-title elementor-size-default\"><h1>Phobies \/ Peurs<\/h1><\/h2>\t\t\t\t<\/div>\n\t\t\t\t<\/div>\n\t\t\t\t\t<\/div>\n\t\t\t\t<\/div>\n\t\t<div class=\"elementor-element elementor-element-b4b89b5 e-flex e-con-boxed e-con e-child\" data-id=\"b4b89b5\" data-element_type=\"container\" data-e-type=\"container\">\n\t\t\t\t\t<div class=\"e-con-inner\">\n\t\t\t\t<div class=\"elementor-element elementor-element-49ff0fb elementor-widget elementor-widget-spacer\" data-id=\"49ff0fb\" data-element_type=\"widget\" data-e-type=\"widget\" data-widget_type=\"spacer.default\">\n\t\t\t\t<div class=\"elementor-widget-container\">\n\t\t\t\t\t\t\t<div class=\"elementor-spacer\">\n\t\t\t<div class=\"elementor-spacer-inner\"><\/div>\n\t\t<\/div>\n\t\t\t\t\t\t<\/div>\n\t\t\t\t<\/div>\n\t\t\t\t<div class=\"elementor-element elementor-element-a05ae7c elementor-widget elementor-widget-text-editor\" data-id=\"a05ae7c\" data-element_type=\"widget\" data-e-type=\"widget\" data-widget_type=\"text-editor.default\">\n\t\t\t\t<div class=\"elementor-widget-container\">\n\t\t\t\t\t\t\t\t\t<h3>Les phobies et peurs sont multiples. Les plus courantes que je peux traiter concernent des domaines tr\u00e8s diff\u00e9rents: peur des <strong>Araign\u00e9es<\/strong>, du <strong>Dentiste<\/strong>, des <strong>Blouses Blanches <\/strong>en g\u00e9n\u00e9ral, de l\u2019<strong>Anesth\u00e9sie, <\/strong>de l\u2019<strong>Avion<\/strong>, de la <strong>Mort<\/strong>, du <strong>Vide<\/strong>, du <strong>Noir<\/strong>\u2026 les <strong>Terreurs Nocturnes<\/strong>, le <strong>Vertige<\/strong>, la <strong>Claustrophobie<\/strong>&#8230;<\/h3>\t\t\t\t\t\t\t\t<\/div>\n\t\t\t\t<\/div>\n\t\t\t\t\t<\/div>\n\t\t\t\t<\/div>\n\t\t\t\t<\/div>\n\t\t<div class=\"elementor-element elementor-element-5fe747e e-con-full e-flex e-con e-child\" data-id=\"5fe747e\" data-element_type=\"container\" data-e-type=\"container\">\n\t\t\t\t<div class=\"elementor-element elementor-element-9155ff7 elementor-widget elementor-widget-image\" data-id=\"9155ff7\" data-element_type=\"widget\" data-e-type=\"widget\" data-widget_type=\"image.default\">\n\t\t\t\t<div class=\"elementor-widget-container\">\n\t\t\t\t\t\t\t\t\t\t\t\t\t\t\t<img fetchpriority=\"high\" decoding=\"async\" width=\"768\" height=\"776\" src=\"https:\/\/anita-baudouin-hypnose-naturopathie.fr\/wp-content\/uploads\/2023\/09\/Medaillon-photo-AnitA-Baudouin-e1696537482272-768x776.png\" class=\"attachment-medium_large size-medium_large wp-image-40\" alt=\"\" srcset=\"https:\/\/anita-baudouin-hypnose-naturopathie.fr\/wp-content\/uploads\/2023\/09\/Medaillon-photo-AnitA-Baudouin-e1696537482272-768x776.png 768w, https:\/\/anita-baudouin-hypnose-naturopathie.fr\/wp-content\/uploads\/2023\/09\/Medaillon-photo-AnitA-Baudouin-e1696537482272-297x300.png 297w, https:\/\/anita-baudouin-hypnose-naturopathie.fr\/wp-content\/uploads\/2023\/09\/Medaillon-photo-AnitA-Baudouin-e1696537482272-1014x1024.png 1014w, https:\/\/anita-baudouin-hypnose-naturopathie.fr\/wp-content\/uploads\/2023\/09\/Medaillon-photo-AnitA-Baudouin-e1696537482272-1521x1536.png 1521w, https:\/\/anita-baudouin-hypnose-naturopathie.fr\/wp-content\/uploads\/2023\/09\/Medaillon-photo-AnitA-Baudouin-e1696537482272-2028x2048.png 2028w\" sizes=\"(max-width: 768px) 100vw, 768px\" \/>\t\t\t\t\t\t\t\t\t\t\t\t\t\t\t<\/div>\n\t\t\t\t<\/div>\n\t\t\t\t<\/div>\n\t\t\t\t\t<\/div>\n\t\t\t\t<\/div>\n\t\t<div class=\"elementor-element elementor-element-929a0b5 e-flex e-con-boxed e-con e-parent\" data-id=\"929a0b5\" data-element_type=\"container\" data-e-type=\"container\">\n\t\t\t\t\t<div class=\"e-con-inner\">\n\t\t\t\t<div class=\"elementor-element elementor-element-4700455 elementor-widget elementor-widget-spacer\" data-id=\"4700455\" data-element_type=\"widget\" data-e-type=\"widget\" data-widget_type=\"spacer.default\">\n\t\t\t\t<div class=\"elementor-widget-container\">\n\t\t\t\t\t\t\t<div class=\"elementor-spacer\">\n\t\t\t<div class=\"elementor-spacer-inner\"><\/div>\n\t\t<\/div>\n\t\t\t\t\t\t<\/div>\n\t\t\t\t<\/div>\n\t\t\t\t\t<\/div>\n\t\t\t\t<\/div>\n\t\t<div class=\"elementor-element elementor-element-e6e06e2 e-flex e-con-boxed e-con e-parent\" data-id=\"e6e06e2\" data-element_type=\"container\" data-e-type=\"container\">\n\t\t\t\t\t<div class=\"e-con-inner\">\n\t\t<div class=\"elementor-element elementor-element-cf72edf e-con-full e-flex e-con e-child\" data-id=\"cf72edf\" data-element_type=\"container\" data-e-type=\"container\">\n\t\t\t\t<div class=\"elementor-element elementor-element-205c3ff elementor-widget__width-initial elementor-widget elementor-widget-image\" data-id=\"205c3ff\" data-element_type=\"widget\" data-e-type=\"widget\" data-widget_type=\"image.default\">\n\t\t\t\t<div class=\"elementor-widget-container\">\n\t\t\t\t\t\t\t\t\t\t\t\t\t\t\t<img decoding=\"async\" width=\"768\" height=\"1024\" src=\"https:\/\/anita-baudouin-hypnose-naturopathie.fr\/wp-content\/uploads\/2023\/09\/IMG_5636-768x1024.jpg\" class=\"attachment-large size-large wp-image-36\" alt=\"\" srcset=\"https:\/\/anita-baudouin-hypnose-naturopathie.fr\/wp-content\/uploads\/2023\/09\/IMG_5636-768x1024.jpg 768w, https:\/\/anita-baudouin-hypnose-naturopathie.fr\/wp-content\/uploads\/2023\/09\/IMG_5636-225x300.jpg 225w, https:\/\/anita-baudouin-hypnose-naturopathie.fr\/wp-content\/uploads\/2023\/09\/IMG_5636-1152x1536.jpg 1152w, https:\/\/anita-baudouin-hypnose-naturopathie.fr\/wp-content\/uploads\/2023\/09\/IMG_5636-1536x2048.jpg 1536w, https:\/\/anita-baudouin-hypnose-naturopathie.fr\/wp-content\/uploads\/2023\/09\/IMG_5636-scaled.jpg 1920w\" sizes=\"(max-width: 768px) 100vw, 768px\" \/>\t\t\t\t\t\t\t\t\t\t\t\t\t\t\t<\/div>\n\t\t\t\t<\/div>\n\t\t\t\t<\/div>\n\t\t<div class=\"elementor-element elementor-element-f6a9c26 e-con-full e-flex e-con e-child\" data-id=\"f6a9c26\" data-element_type=\"container\" data-e-type=\"container\">\n\t\t\t\t<div class=\"elementor-element elementor-element-e549188 elementor-widget elementor-widget-text-editor\" data-id=\"e549188\" data-element_type=\"widget\" data-e-type=\"widget\" data-widget_type=\"text-editor.default\">\n\t\t\t\t<div class=\"elementor-widget-container\">\n\t\t\t\t\t\t\t\t\t<p>Les phobies et peurs sont des r\u00e9actions de peur intense, disproportionn\u00e9e et irrationnelle par rapport au danger r\u00e9el, envers des situations, des objets, ou des \u00eatres sp\u00e9cifiques. Elles peuvent entra\u00eener des r\u00e9ponses physiologiques et \u00e9motionnelles telles que l&rsquo;anxi\u00e9t\u00e9, la panique et l&rsquo;\u00e9vitement.<\/p><p>Les origines des phobies peuvent \u00eatre multifactorielles, incluant des facteurs g\u00e9n\u00e9tiques, environnementaux et des exp\u00e9riences traumatiques.<\/p><p>La prise en charge des phobies et des peurs peut impliquer des th\u00e9rapies cognitivo-comportementales, des techniques de d\u00e9sensibilisation progressive et parfois des m\u00e9dicaments anxiolytiques. Il est important de chercher de l&rsquo;aide professionnelle si les phobies ou les peurs interf\u00e8rent significativement avec la vie quotidienne. Une intervention pr\u00e9coce peut am\u00e9liorer la qualit\u00e9 de vie et aider \u00e0 surmonter ces r\u00e9actions anxieuses excessives.<\/p>\t\t\t\t\t\t\t\t<\/div>\n\t\t\t\t<\/div>\n\t\t\t\t<div class=\"elementor-element elementor-element-0c34cd2 elementor-align-center elementor-widget elementor-widget-button\" data-id=\"0c34cd2\" data-element_type=\"widget\" data-e-type=\"widget\" data-widget_type=\"button.default\">\n\t\t\t\t<div class=\"elementor-widget-container\">\n\t\t\t\t\t\t\t\t\t<div class=\"elementor-button-wrapper\">\n\t\t\t\t\t<a class=\"elementor-button elementor-button-link elementor-size-xl\" href=\"https:\/\/anita-baudouin-hypnose-naturopathie.fr\/index.php\/contact-us\/\" id=\"contactez_moi\">\n\t\t\t\t\t\t<span class=\"elementor-button-content-wrapper\">\n\t\t\t\t\t\t<span class=\"elementor-button-icon\">\n\t\t\t\t<i aria-hidden=\"true\" class=\"fas fa-phone-alt\"><\/i>\t\t\t<\/span>\n\t\t\t\t\t\t\t\t\t<span class=\"elementor-button-text\">Contactez-moi pour prendre rendez-vous !<\/span>\n\t\t\t\t\t<\/span>\n\t\t\t\t\t<\/a>\n\t\t\t\t<\/div>\n\t\t\t\t\t\t\t\t<\/div>\n\t\t\t\t<\/div>\n\t\t\t\t<\/div>\n\t\t\t\t\t<\/div>\n\t\t\t\t<\/div>\n\t\t<div class=\"elementor-element elementor-element-1e4ee35 e-flex e-con-boxed e-con e-parent\" data-id=\"1e4ee35\" data-element_type=\"container\" data-e-type=\"container\">\n\t\t\t\t\t<div class=\"e-con-inner\">\n\t\t\t\t<div class=\"elementor-element elementor-element-8331c18 elementor-widget elementor-widget-spacer\" data-id=\"8331c18\" data-element_type=\"widget\" data-e-type=\"widget\" data-widget_type=\"spacer.default\">\n\t\t\t\t<div class=\"elementor-widget-container\">\n\t\t\t\t\t\t\t<div class=\"elementor-spacer\">\n\t\t\t<div class=\"elementor-spacer-inner\"><\/div>\n\t\t<\/div>\n\t\t\t\t\t\t<\/div>\n\t\t\t\t<\/div>\n\t\t\t\t\t<\/div>\n\t\t\t\t<\/div>\n\t\t\t\t<\/div>\n\t\t","protected":false},"excerpt":{"rendered":"<p>Phobies \/ Peurs Les phobies et peurs sont multiples. Les plus courantes que je peux traiter concernent des domaines tr\u00e8s diff\u00e9rents: peur des Araign\u00e9es, du Dentiste, des Blouses Blanches en g\u00e9n\u00e9ral, de l\u2019Anesth\u00e9sie, de l\u2019Avion, de la Mort, du Vide, du Noir\u2026 les Terreurs Nocturnes, le Vertige, la Claustrophobie&#8230; Les phobies et peurs sont des [&hellip;]<\/p>\n","protected":false},"author":1,"featured_media":0,"parent":0,"menu_order":2,"comment_status":"closed","ping_status":"closed","template":"elementor_header_footer","meta":{"site-sidebar-layout":"no-sidebar","site-content-layout":"","ast-site-content-layout":"normal-width-container","site-content-style":"default","site-sidebar-style":"default","ast-global-header-display":"","ast-banner-title-visibility":"","ast-main-header-display":"","ast-hfb-above-header-display":"","ast-hfb-below-header-display":"","ast-hfb-mobile-header-display":"","site-post-title":"disabled","ast-breadcrumbs-content":"","ast-featured-img":"disabled","footer-sml-layout":"","ast-disable-related-posts":"","theme-transparent-header-meta":"","adv-header-id-meta":"","stick-header-meta":"","header-above-stick-meta":"","header-main-stick-meta":"","header-below-stick-meta":"","astra-migrate-meta-layouts":"","ast-page-background-enabled":"default","ast-page-background-meta":{"desktop":{"background-color":"var(--ast-global-color-4)","background-image":"","background-repeat":"repeat","background-position":"center center","background-size":"auto","background-attachment":"scroll","background-type":"","background-media":"","overlay-type":"","overlay-color":"","overlay-opacity":"","overlay-gradient":""},"tablet":{"background-color":"","background-image":"","background-repeat":"repeat","background-position":"center center","background-size":"auto","background-attachment":"scroll","background-type":"","background-media":"","overlay-type":"","overlay-color":"","overlay-opacity":"","overlay-gradient":""},"mobile":{"background-color":"","background-image":"","background-repeat":"repeat","background-position":"center center","background-size":"auto","background-attachment":"scroll","background-type":"","background-media":"","overlay-type":"","overlay-color":"","overlay-opacity":"","overlay-gradient":""}},"ast-content-background-meta":{"desktop":{"background-color":"var(--ast-global-color-5)","background-image":"","background-repeat":"repeat","background-position":"center center","background-size":"auto","background-attachment":"scroll","background-type":"","background-media":"","overlay-type":"","overlay-color":"","overlay-opacity":"","overlay-gradient":""},"tablet":{"background-color":"var(--ast-global-color-5)","background-image":"","background-repeat":"repeat","background-position":"center center","background-size":"auto","background-attachment":"scroll","background-type":"","background-media":"","overlay-type":"","overlay-color":"","overlay-opacity":"","overlay-gradient":""},"mobile":{"background-color":"var(--ast-global-color-5)","background-image":"","background-repeat":"repeat","background-position":"center center","background-size":"auto","background-attachment":"scroll","background-type":"","background-media":"","overlay-type":"","overlay-color":"","overlay-opacity":"","overlay-gradient":""}},"footnotes":""},"class_list":["post-550","page","type-page","status-publish","hentry"],"yoast_head":"<!-- This site is optimized with the Yoast SEO plugin v27.2 - https:\/\/yoast.com\/product\/yoast-seo-wordpress\/ -->\n<title>Phobies \/ Peurs - AnitA Baudouin<\/title>\n<meta name=\"robots\" content=\"index, follow, max-snippet:-1, max-image-preview:large, max-video-preview:-1\" \/>\n<link rel=\"canonical\" href=\"https:\/\/anita-baudouin-hypnose-naturopathie.fr\/index.php\/phobies-peurs\/\" \/>\n<meta property=\"og:locale\" content=\"fr_FR\" \/>\n<meta property=\"og:type\" content=\"article\" \/>\n<meta property=\"og:title\" content=\"Phobies \/ Peurs - AnitA Baudouin\" \/>\n<meta property=\"og:description\" content=\"Phobies \/ Peurs Les phobies et peurs sont multiples. Les plus courantes que je peux traiter concernent des domaines tr\u00e8s diff\u00e9rents: peur des Araign\u00e9es, du Dentiste, des Blouses Blanches en g\u00e9n\u00e9ral, de l\u2019Anesth\u00e9sie, de l\u2019Avion, de la Mort, du Vide, du Noir\u2026 les Terreurs Nocturnes, le Vertige, la Claustrophobie&#8230; Les phobies et peurs sont des [&hellip;]\" \/>\n<meta property=\"og:url\" content=\"https:\/\/anita-baudouin-hypnose-naturopathie.fr\/index.php\/phobies-peurs\/\" \/>\n<meta property=\"og:site_name\" content=\"AnitA Baudouin\" \/>\n<meta property=\"article:modified_time\" content=\"2023-11-20T15:06:01+00:00\" \/>\n<meta property=\"og:image\" content=\"http:\/\/anita-baudouin-hypnose-naturopathie.fr\/wp-content\/uploads\/2023\/09\/Medaillon-photo-AnitA-Baudouin-e1696537482272-768x776.png\" \/>\n<meta name=\"twitter:card\" content=\"summary_large_image\" \/>\n<meta name=\"twitter:label1\" content=\"Dur\u00e9e de lecture estim\u00e9e\" \/>\n\t<meta name=\"twitter:data1\" content=\"1 minute\" \/>\n<script type=\"application\/ld+json\" class=\"yoast-schema-graph\">{\"@context\":\"https:\/\/schema.org\",\"@graph\":[{\"@type\":\"WebPage\",\"@id\":\"https:\/\/anita-baudouin-hypnose-naturopathie.fr\/index.php\/phobies-peurs\/\",\"url\":\"https:\/\/anita-baudouin-hypnose-naturopathie.fr\/index.php\/phobies-peurs\/\",\"name\":\"Phobies \/ Peurs - AnitA Baudouin\",\"isPartOf\":{\"@id\":\"https:\/\/anita-baudouin-hypnose-naturopathie.fr\/#website\"},\"primaryImageOfPage\":{\"@id\":\"https:\/\/anita-baudouin-hypnose-naturopathie.fr\/index.php\/phobies-peurs\/#primaryimage\"},\"image\":{\"@id\":\"https:\/\/anita-baudouin-hypnose-naturopathie.fr\/index.php\/phobies-peurs\/#primaryimage\"},\"thumbnailUrl\":\"http:\/\/anita-baudouin-hypnose-naturopathie.fr\/wp-content\/uploads\/2023\/09\/Medaillon-photo-AnitA-Baudouin-e1696537482272-768x776.png\",\"datePublished\":\"2023-10-06T07:15:30+00:00\",\"dateModified\":\"2023-11-20T15:06:01+00:00\",\"breadcrumb\":{\"@id\":\"https:\/\/anita-baudouin-hypnose-naturopathie.fr\/index.php\/phobies-peurs\/#breadcrumb\"},\"inLanguage\":\"fr-FR\",\"potentialAction\":[{\"@type\":\"ReadAction\",\"target\":[\"https:\/\/anita-baudouin-hypnose-naturopathie.fr\/index.php\/phobies-peurs\/\"]}]},{\"@type\":\"ImageObject\",\"inLanguage\":\"fr-FR\",\"@id\":\"https:\/\/anita-baudouin-hypnose-naturopathie.fr\/index.php\/phobies-peurs\/#primaryimage\",\"url\":\"https:\/\/anita-baudouin-hypnose-naturopathie.fr\/wp-content\/uploads\/2023\/09\/Medaillon-photo-AnitA-Baudouin-e1696537482272.png\",\"contentUrl\":\"https:\/\/anita-baudouin-hypnose-naturopathie.fr\/wp-content\/uploads\/2023\/09\/Medaillon-photo-AnitA-Baudouin-e1696537482272.png\",\"width\":3619,\"height\":3655},{\"@type\":\"BreadcrumbList\",\"@id\":\"https:\/\/anita-baudouin-hypnose-naturopathie.fr\/index.php\/phobies-peurs\/#breadcrumb\",\"itemListElement\":[{\"@type\":\"ListItem\",\"position\":1,\"name\":\"Accueil\",\"item\":\"https:\/\/anita-baudouin-hypnose-naturopathie.fr\/\"},{\"@type\":\"ListItem\",\"position\":2,\"name\":\"Phobies \/ Peurs\"}]},{\"@type\":\"WebSite\",\"@id\":\"https:\/\/anita-baudouin-hypnose-naturopathie.fr\/#website\",\"url\":\"https:\/\/anita-baudouin-hypnose-naturopathie.fr\/\",\"name\":\"AnitA Baudouin\",\"description\":\"Hypnose Naturopathie\",\"publisher\":{\"@id\":\"https:\/\/anita-baudouin-hypnose-naturopathie.fr\/#\/schema\/person\/3a60eab254d7448ec5d5963b56c5d7cd\"},\"potentialAction\":[{\"@type\":\"SearchAction\",\"target\":{\"@type\":\"EntryPoint\",\"urlTemplate\":\"https:\/\/anita-baudouin-hypnose-naturopathie.fr\/?s={search_term_string}\"},\"query-input\":{\"@type\":\"PropertyValueSpecification\",\"valueRequired\":true,\"valueName\":\"search_term_string\"}}],\"inLanguage\":\"fr-FR\"},{\"@type\":[\"Person\",\"Organization\"],\"@id\":\"https:\/\/anita-baudouin-hypnose-naturopathie.fr\/#\/schema\/person\/3a60eab254d7448ec5d5963b56c5d7cd\",\"name\":\"AnitA Baudouin\",\"image\":{\"@type\":\"ImageObject\",\"inLanguage\":\"fr-FR\",\"@id\":\"https:\/\/anita-baudouin-hypnose-naturopathie.fr\/wp-content\/uploads\/2023\/10\/cropped-Logo-Anita-Baudouin-2023.png\",\"url\":\"https:\/\/anita-baudouin-hypnose-naturopathie.fr\/wp-content\/uploads\/2023\/10\/cropped-Logo-Anita-Baudouin-2023.png\",\"contentUrl\":\"https:\/\/anita-baudouin-hypnose-naturopathie.fr\/wp-content\/uploads\/2023\/10\/cropped-Logo-Anita-Baudouin-2023.png\",\"width\":1003,\"height\":835,\"caption\":\"AnitA Baudouin\"},\"logo\":{\"@id\":\"https:\/\/anita-baudouin-hypnose-naturopathie.fr\/wp-content\/uploads\/2023\/10\/cropped-Logo-Anita-Baudouin-2023.png\"},\"sameAs\":[\"http:\/\/anita-baudouin-hypnose-naturopathie.fr\/\"]}]}<\/script>\n<!-- \/ Yoast SEO plugin. -->","yoast_head_json":{"title":"Phobies \/ Peurs - AnitA Baudouin","robots":{"index":"index","follow":"follow","max-snippet":"max-snippet:-1","max-image-preview":"max-image-preview:large","max-video-preview":"max-video-preview:-1"},"canonical":"https:\/\/anita-baudouin-hypnose-naturopathie.fr\/index.php\/phobies-peurs\/","og_locale":"fr_FR","og_type":"article","og_title":"Phobies \/ Peurs - AnitA Baudouin","og_description":"Phobies \/ Peurs Les phobies et peurs sont multiples. Les plus courantes que je peux traiter concernent des domaines tr\u00e8s diff\u00e9rents: peur des Araign\u00e9es, du Dentiste, des Blouses Blanches en g\u00e9n\u00e9ral, de l\u2019Anesth\u00e9sie, de l\u2019Avion, de la Mort, du Vide, du Noir\u2026 les Terreurs Nocturnes, le Vertige, la Claustrophobie&#8230; Les phobies et peurs sont des [&hellip;]","og_url":"https:\/\/anita-baudouin-hypnose-naturopathie.fr\/index.php\/phobies-peurs\/","og_site_name":"AnitA Baudouin","article_modified_time":"2023-11-20T15:06:01+00:00","og_image":[{"url":"http:\/\/anita-baudouin-hypnose-naturopathie.fr\/wp-content\/uploads\/2023\/09\/Medaillon-photo-AnitA-Baudouin-e1696537482272-768x776.png","type":"","width":"","height":""}],"twitter_card":"summary_large_image","twitter_misc":{"Dur\u00e9e de lecture estim\u00e9e":"1 minute"},"schema":{"@context":"https:\/\/schema.org","@graph":[{"@type":"WebPage","@id":"https:\/\/anita-baudouin-hypnose-naturopathie.fr\/index.php\/phobies-peurs\/","url":"https:\/\/anita-baudouin-hypnose-naturopathie.fr\/index.php\/phobies-peurs\/","name":"Phobies \/ Peurs - AnitA Baudouin","isPartOf":{"@id":"https:\/\/anita-baudouin-hypnose-naturopathie.fr\/#website"},"primaryImageOfPage":{"@id":"https:\/\/anita-baudouin-hypnose-naturopathie.fr\/index.php\/phobies-peurs\/#primaryimage"},"image":{"@id":"https:\/\/anita-baudouin-hypnose-naturopathie.fr\/index.php\/phobies-peurs\/#primaryimage"},"thumbnailUrl":"http:\/\/anita-baudouin-hypnose-naturopathie.fr\/wp-content\/uploads\/2023\/09\/Medaillon-photo-AnitA-Baudouin-e1696537482272-768x776.png","datePublished":"2023-10-06T07:15:30+00:00","dateModified":"2023-11-20T15:06:01+00:00","breadcrumb":{"@id":"https:\/\/anita-baudouin-hypnose-naturopathie.fr\/index.php\/phobies-peurs\/#breadcrumb"},"inLanguage":"fr-FR","potentialAction":[{"@type":"ReadAction","target":["https:\/\/anita-baudouin-hypnose-naturopathie.fr\/index.php\/phobies-peurs\/"]}]},{"@type":"ImageObject","inLanguage":"fr-FR","@id":"https:\/\/anita-baudouin-hypnose-naturopathie.fr\/index.php\/phobies-peurs\/#primaryimage","url":"https:\/\/anita-baudouin-hypnose-naturopathie.fr\/wp-content\/uploads\/2023\/09\/Medaillon-photo-AnitA-Baudouin-e1696537482272.png","contentUrl":"https:\/\/anita-baudouin-hypnose-naturopathie.fr\/wp-content\/uploads\/2023\/09\/Medaillon-photo-AnitA-Baudouin-e1696537482272.png","width":3619,"height":3655},{"@type":"BreadcrumbList","@id":"https:\/\/anita-baudouin-hypnose-naturopathie.fr\/index.php\/phobies-peurs\/#breadcrumb","itemListElement":[{"@type":"ListItem","position":1,"name":"Accueil","item":"https:\/\/anita-baudouin-hypnose-naturopathie.fr\/"},{"@type":"ListItem","position":2,"name":"Phobies \/ Peurs"}]},{"@type":"WebSite","@id":"https:\/\/anita-baudouin-hypnose-naturopathie.fr\/#website","url":"https:\/\/anita-baudouin-hypnose-naturopathie.fr\/","name":"AnitA Baudouin","description":"Hypnose Naturopathie","publisher":{"@id":"https:\/\/anita-baudouin-hypnose-naturopathie.fr\/#\/schema\/person\/3a60eab254d7448ec5d5963b56c5d7cd"},"potentialAction":[{"@type":"SearchAction","target":{"@type":"EntryPoint","urlTemplate":"https:\/\/anita-baudouin-hypnose-naturopathie.fr\/?s={search_term_string}"},"query-input":{"@type":"PropertyValueSpecification","valueRequired":true,"valueName":"search_term_string"}}],"inLanguage":"fr-FR"},{"@type":["Person","Organization"],"@id":"https:\/\/anita-baudouin-hypnose-naturopathie.fr\/#\/schema\/person\/3a60eab254d7448ec5d5963b56c5d7cd","name":"AnitA Baudouin","image":{"@type":"ImageObject","inLanguage":"fr-FR","@id":"https:\/\/anita-baudouin-hypnose-naturopathie.fr\/wp-content\/uploads\/2023\/10\/cropped-Logo-Anita-Baudouin-2023.png","url":"https:\/\/anita-baudouin-hypnose-naturopathie.fr\/wp-content\/uploads\/2023\/10\/cropped-Logo-Anita-Baudouin-2023.png","contentUrl":"https:\/\/anita-baudouin-hypnose-naturopathie.fr\/wp-content\/uploads\/2023\/10\/cropped-Logo-Anita-Baudouin-2023.png","width":1003,"height":835,"caption":"AnitA Baudouin"},"logo":{"@id":"https:\/\/anita-baudouin-hypnose-naturopathie.fr\/wp-content\/uploads\/2023\/10\/cropped-Logo-Anita-Baudouin-2023.png"},"sameAs":["http:\/\/anita-baudouin-hypnose-naturopathie.fr\/"]}]}},"_links":{"self":[{"href":"https:\/\/anita-baudouin-hypnose-naturopathie.fr\/index.php\/wp-json\/wp\/v2\/pages\/550","targetHints":{"allow":["GET"]}}],"collection":[{"href":"https:\/\/anita-baudouin-hypnose-naturopathie.fr\/index.php\/wp-json\/wp\/v2\/pages"}],"about":[{"href":"https:\/\/anita-baudouin-hypnose-naturopathie.fr\/index.php\/wp-json\/wp\/v2\/types\/page"}],"author":[{"embeddable":true,"href":"https:\/\/anita-baudouin-hypnose-naturopathie.fr\/index.php\/wp-json\/wp\/v2\/users\/1"}],"replies":[{"embeddable":true,"href":"https:\/\/anita-baudouin-hypnose-naturopathie.fr\/index.php\/wp-json\/wp\/v2\/comments?post=550"}],"version-history":[{"count":25,"href":"https:\/\/anita-baudouin-hypnose-naturopathie.fr\/index.php\/wp-json\/wp\/v2\/pages\/550\/revisions"}],"predecessor-version":[{"id":1756,"href":"https:\/\/anita-baudouin-hypnose-naturopathie.fr\/index.php\/wp-json\/wp\/v2\/pages\/550\/revisions\/1756"}],"wp:attachment":[{"href":"https:\/\/anita-baudouin-hypnose-naturopathie.fr\/index.php\/wp-json\/wp\/v2\/media?parent=550"}],"curies":[{"name":"wp","href":"https:\/\/api.w.org\/{rel}","templated":true}]}}