{"id":917,"date":"2023-10-10T21:35:25","date_gmt":"2023-10-10T19:35:25","guid":{"rendered":"http:\/\/anita-baudouin-hypnose-naturopathie.fr\/?page_id=917"},"modified":"2023-11-20T16:51:32","modified_gmt":"2023-11-20T15:51:32","slug":"reflexologie-plantaire","status":"publish","type":"page","link":"https:\/\/anita-baudouin-hypnose-naturopathie.fr\/index.php\/reflexologie-plantaire\/","title":{"rendered":"R\u00e9flexologie PLANTAIRE"},"content":{"rendered":"\t\t<div data-elementor-type=\"wp-page\" data-elementor-id=\"917\" class=\"elementor elementor-917\">\n\t\t\t\t<div class=\"elementor-element elementor-element-ea6bf13 e-con-full e-flex e-con e-parent\" data-id=\"ea6bf13\" data-element_type=\"container\" data-e-type=\"container\">\n\t\t<div class=\"elementor-element elementor-element-d7de3c7 e-con-full e-flex e-con e-child\" data-id=\"d7de3c7\" data-element_type=\"container\" data-e-type=\"container\">\n\t\t<div class=\"elementor-element elementor-element-4720e14 e-flex e-con-boxed e-con e-child\" data-id=\"4720e14\" data-element_type=\"container\" data-e-type=\"container\">\n\t\t\t\t\t<div class=\"e-con-inner\">\n\t\t\t\t<div class=\"elementor-element elementor-element-919f3ca elementor-widget elementor-widget-heading\" data-id=\"919f3ca\" data-element_type=\"widget\" data-e-type=\"widget\" data-widget_type=\"heading.default\">\n\t\t\t\t<div class=\"elementor-widget-container\">\n\t\t\t\t\t<h2 class=\"elementor-heading-title elementor-size-default\"><h1>R\u00e9flexologie PLANTAIRE<\/h1><\/h2>\t\t\t\t<\/div>\n\t\t\t\t<\/div>\n\t\t\t\t\t<\/div>\n\t\t\t\t<\/div>\n\t\t<div class=\"elementor-element elementor-element-b4b89b5 e-flex e-con-boxed e-con e-child\" data-id=\"b4b89b5\" data-element_type=\"container\" data-e-type=\"container\">\n\t\t\t\t\t<div class=\"e-con-inner\">\n\t\t\t\t<div class=\"elementor-element elementor-element-49ff0fb elementor-widget elementor-widget-spacer\" data-id=\"49ff0fb\" data-element_type=\"widget\" data-e-type=\"widget\" data-widget_type=\"spacer.default\">\n\t\t\t\t<div class=\"elementor-widget-container\">\n\t\t\t\t\t\t\t<div class=\"elementor-spacer\">\n\t\t\t<div class=\"elementor-spacer-inner\"><\/div>\n\t\t<\/div>\n\t\t\t\t\t\t<\/div>\n\t\t\t\t<\/div>\n\t\t\t\t<div class=\"elementor-element elementor-element-a05ae7c elementor-widget elementor-widget-text-editor\" data-id=\"a05ae7c\" data-element_type=\"widget\" data-e-type=\"widget\" data-widget_type=\"text-editor.default\">\n\t\t\t\t<div class=\"elementor-widget-container\">\n\t\t\t\t\t\t\t\t\t<div id=\"1811909487\" class=\"u_1811909487 dmRespCol small-12 large-2 medium-2\"><h3 id=\"1265235189\" class=\"u_1265235189 imageWidget align-center\" data-element-type=\"image\" data-widget-type=\"image\">La r\u00e9flexologie utilise une cartographie pr\u00e9cise des zones r\u00e9flexes des pieds.<\/h3><\/div><div id=\"1366296931\" class=\"u_1366296931 dmRespCol small-12 large-8 medium-8\"><div id=\"1202784523\" class=\"dmNewParagraph fullBleedChanged fullBleedMode u_1202784523\" data-element-type=\"paragraph\"><h3 id=\"1724737769\">Pratiqu\u00e9e\u00a0sous forme de pression, elle permet de retrouver un \u00e9tat d\u2019\u00e9quilibre int\u00e9rieur, de d\u00e9tente et de vitalit\u00e9 et r\u00e9\u00e9quilibre les fonctions du syst\u00e8me nerveux, respiratoire, digestif, circulatoire\u2026<\/h3><\/div><\/div>\t\t\t\t\t\t\t\t<\/div>\n\t\t\t\t<\/div>\n\t\t\t\t\t<\/div>\n\t\t\t\t<\/div>\n\t\t\t\t<\/div>\n\t\t<div class=\"elementor-element elementor-element-5fe747e e-con-full e-flex e-con e-child\" data-id=\"5fe747e\" data-element_type=\"container\" data-e-type=\"container\">\n\t\t\t\t<div class=\"elementor-element elementor-element-9155ff7 elementor-widget elementor-widget-image\" data-id=\"9155ff7\" data-element_type=\"widget\" data-e-type=\"widget\" data-widget_type=\"image.default\">\n\t\t\t\t<div class=\"elementor-widget-container\">\n\t\t\t\t\t\t\t\t\t\t\t\t\t\t\t<img fetchpriority=\"high\" decoding=\"async\" width=\"768\" height=\"776\" src=\"https:\/\/anita-baudouin-hypnose-naturopathie.fr\/wp-content\/uploads\/2023\/09\/Medaillon-photo-AnitA-Baudouin-e1696537482272-768x776.png\" class=\"attachment-medium_large size-medium_large wp-image-40\" alt=\"\" srcset=\"https:\/\/anita-baudouin-hypnose-naturopathie.fr\/wp-content\/uploads\/2023\/09\/Medaillon-photo-AnitA-Baudouin-e1696537482272-768x776.png 768w, https:\/\/anita-baudouin-hypnose-naturopathie.fr\/wp-content\/uploads\/2023\/09\/Medaillon-photo-AnitA-Baudouin-e1696537482272-297x300.png 297w, https:\/\/anita-baudouin-hypnose-naturopathie.fr\/wp-content\/uploads\/2023\/09\/Medaillon-photo-AnitA-Baudouin-e1696537482272-1014x1024.png 1014w, https:\/\/anita-baudouin-hypnose-naturopathie.fr\/wp-content\/uploads\/2023\/09\/Medaillon-photo-AnitA-Baudouin-e1696537482272-1521x1536.png 1521w, https:\/\/anita-baudouin-hypnose-naturopathie.fr\/wp-content\/uploads\/2023\/09\/Medaillon-photo-AnitA-Baudouin-e1696537482272-2028x2048.png 2028w\" sizes=\"(max-width: 768px) 100vw, 768px\" \/>\t\t\t\t\t\t\t\t\t\t\t\t\t\t\t<\/div>\n\t\t\t\t<\/div>\n\t\t\t\t<\/div>\n\t\t\t\t<\/div>\n\t\t<div class=\"elementor-element elementor-element-929a0b5 e-flex e-con-boxed e-con e-parent\" data-id=\"929a0b5\" data-element_type=\"container\" data-e-type=\"container\">\n\t\t\t\t\t<div class=\"e-con-inner\">\n\t\t\t\t<div class=\"elementor-element elementor-element-4700455 elementor-widget elementor-widget-spacer\" data-id=\"4700455\" data-element_type=\"widget\" data-e-type=\"widget\" data-widget_type=\"spacer.default\">\n\t\t\t\t<div class=\"elementor-widget-container\">\n\t\t\t\t\t\t\t<div class=\"elementor-spacer\">\n\t\t\t<div class=\"elementor-spacer-inner\"><\/div>\n\t\t<\/div>\n\t\t\t\t\t\t<\/div>\n\t\t\t\t<\/div>\n\t\t\t\t\t<\/div>\n\t\t\t\t<\/div>\n\t\t<div class=\"elementor-element elementor-element-e641140 e-flex e-con-boxed e-con e-parent\" data-id=\"e641140\" data-element_type=\"container\" data-e-type=\"container\">\n\t\t\t\t\t<div class=\"e-con-inner\">\n\t\t\t\t<div class=\"elementor-element elementor-element-b18236d elementor-widget elementor-widget-spacer\" data-id=\"b18236d\" data-element_type=\"widget\" data-e-type=\"widget\" data-widget_type=\"spacer.default\">\n\t\t\t\t<div class=\"elementor-widget-container\">\n\t\t\t\t\t\t\t<div class=\"elementor-spacer\">\n\t\t\t<div class=\"elementor-spacer-inner\"><\/div>\n\t\t<\/div>\n\t\t\t\t\t\t<\/div>\n\t\t\t\t<\/div>\n\t\t\t\t\t<\/div>\n\t\t\t\t<\/div>\n\t\t<div class=\"elementor-element elementor-element-f5c1668 e-flex e-con-boxed e-con e-parent\" data-id=\"f5c1668\" data-element_type=\"container\" data-e-type=\"container\">\n\t\t\t\t\t<div class=\"e-con-inner\">\n\t\t<div class=\"elementor-element elementor-element-8968391 e-con-full e-flex e-con e-child\" data-id=\"8968391\" data-element_type=\"container\" data-e-type=\"container\">\n\t\t\t\t<div class=\"elementor-element elementor-element-8fb79ea elementor-widget elementor-widget-image\" data-id=\"8fb79ea\" data-element_type=\"widget\" data-e-type=\"widget\" data-widget_type=\"image.default\">\n\t\t\t\t<div class=\"elementor-widget-container\">\n\t\t\t\t\t\t\t\t\t\t\t\t\t\t\t<img decoding=\"async\" src=\"https:\/\/anita-baudouin-hypnose-naturopathie.fr\/wp-content\/uploads\/elementor\/thumbs\/IMG_5607-scaled-e1696966719548-qdo5y83ij97iymki08h7lcg9mpa45yxmlguxgu62gw.jpg\" title=\"IMG_5607\" alt=\"R\u00e9flexologie plantaire\" loading=\"lazy\" \/>\t\t\t\t\t\t\t\t\t\t\t\t\t\t\t<\/div>\n\t\t\t\t<\/div>\n\t\t\t\t<\/div>\n\t\t\t\t\t<\/div>\n\t\t\t\t<\/div>\n\t\t<div class=\"elementor-element elementor-element-1e4ee35 e-flex e-con-boxed e-con e-parent\" data-id=\"1e4ee35\" data-element_type=\"container\" data-e-type=\"container\">\n\t\t\t\t\t<div class=\"e-con-inner\">\n\t\t\t\t<div class=\"elementor-element elementor-element-8331c18 elementor-widget elementor-widget-spacer\" data-id=\"8331c18\" data-element_type=\"widget\" data-e-type=\"widget\" data-widget_type=\"spacer.default\">\n\t\t\t\t<div class=\"elementor-widget-container\">\n\t\t\t\t\t\t\t<div class=\"elementor-spacer\">\n\t\t\t<div class=\"elementor-spacer-inner\"><\/div>\n\t\t<\/div>\n\t\t\t\t\t\t<\/div>\n\t\t\t\t<\/div>\n\t\t\t\t<div class=\"elementor-element elementor-element-0c34cd2 elementor-align-center elementor-widget elementor-widget-button\" data-id=\"0c34cd2\" data-element_type=\"widget\" data-e-type=\"widget\" data-widget_type=\"button.default\">\n\t\t\t\t<div class=\"elementor-widget-container\">\n\t\t\t\t\t\t\t\t\t<div class=\"elementor-button-wrapper\">\n\t\t\t\t\t<a class=\"elementor-button elementor-button-link elementor-size-xl\" href=\"https:\/\/anita-baudouin-hypnose-naturopathie.fr\/index.php\/contact-us\/\" id=\"contactez_moi\">\n\t\t\t\t\t\t<span class=\"elementor-button-content-wrapper\">\n\t\t\t\t\t\t<span class=\"elementor-button-icon\">\n\t\t\t\t<i aria-hidden=\"true\" class=\"fas fa-phone-alt\"><\/i>\t\t\t<\/span>\n\t\t\t\t\t\t\t\t\t<span class=\"elementor-button-text\">Contactez-moi pour prendre rendez-vous !<\/span>\n\t\t\t\t\t<\/span>\n\t\t\t\t\t<\/a>\n\t\t\t\t<\/div>\n\t\t\t\t\t\t\t\t<\/div>\n\t\t\t\t<\/div>\n\t\t\t\t\t<\/div>\n\t\t\t\t<\/div>\n\t\t<div class=\"elementor-element elementor-element-f5afea9 e-flex e-con-boxed e-con e-parent\" data-id=\"f5afea9\" data-element_type=\"container\" data-e-type=\"container\">\n\t\t\t\t\t<div class=\"e-con-inner\">\n\t\t\t\t\t<\/div>\n\t\t\t\t<\/div>\n\t\t<div class=\"elementor-element elementor-element-3697262 e-flex e-con-boxed e-con e-parent\" data-id=\"3697262\" data-element_type=\"container\" data-e-type=\"container\">\n\t\t\t\t\t<div class=\"e-con-inner\">\n\t\t\t\t<div class=\"elementor-element elementor-element-af43775 elementor-widget elementor-widget-spacer\" data-id=\"af43775\" data-element_type=\"widget\" data-e-type=\"widget\" data-widget_type=\"spacer.default\">\n\t\t\t\t<div class=\"elementor-widget-container\">\n\t\t\t\t\t\t\t<div class=\"elementor-spacer\">\n\t\t\t<div class=\"elementor-spacer-inner\"><\/div>\n\t\t<\/div>\n\t\t\t\t\t\t<\/div>\n\t\t\t\t<\/div>\n\t\t\t\t\t<\/div>\n\t\t\t\t<\/div>\n\t\t\t\t<\/div>\n\t\t","protected":false},"excerpt":{"rendered":"<p>R\u00e9flexologie PLANTAIRE La r\u00e9flexologie utilise une cartographie pr\u00e9cise des zones r\u00e9flexes des pieds. Pratiqu\u00e9e\u00a0sous forme de pression, elle permet de retrouver un \u00e9tat d\u2019\u00e9quilibre int\u00e9rieur, de d\u00e9tente et de vitalit\u00e9 et r\u00e9\u00e9quilibre les fonctions du syst\u00e8me nerveux, respiratoire, digestif, circulatoire\u2026 Contactez-moi pour prendre rendez-vous !<\/p>\n","protected":false},"author":1,"featured_media":0,"parent":0,"menu_order":2,"comment_status":"closed","ping_status":"closed","template":"elementor_header_footer","meta":{"site-sidebar-layout":"no-sidebar","site-content-layout":"","ast-site-content-layout":"normal-width-container","site-content-style":"default","site-sidebar-style":"default","ast-global-header-display":"","ast-banner-title-visibility":"","ast-main-header-display":"","ast-hfb-above-header-display":"","ast-hfb-below-header-display":"","ast-hfb-mobile-header-display":"","site-post-title":"disabled","ast-breadcrumbs-content":"","ast-featured-img":"disabled","footer-sml-layout":"","ast-disable-related-posts":"","theme-transparent-header-meta":"","adv-header-id-meta":"","stick-header-meta":"","header-above-stick-meta":"","header-main-stick-meta":"","header-below-stick-meta":"","astra-migrate-meta-layouts":"","ast-page-background-enabled":"default","ast-page-background-meta":{"desktop":{"background-color":"var(--ast-global-color-4)","background-image":"","background-repeat":"repeat","background-position":"center center","background-size":"auto","background-attachment":"scroll","background-type":"","background-media":"","overlay-type":"","overlay-color":"","overlay-opacity":"","overlay-gradient":""},"tablet":{"background-color":"","background-image":"","background-repeat":"repeat","background-position":"center center","background-size":"auto","background-attachment":"scroll","background-type":"","background-media":"","overlay-type":"","overlay-color":"","overlay-opacity":"","overlay-gradient":""},"mobile":{"background-color":"","background-image":"","background-repeat":"repeat","background-position":"center center","background-size":"auto","background-attachment":"scroll","background-type":"","background-media":"","overlay-type":"","overlay-color":"","overlay-opacity":"","overlay-gradient":""}},"ast-content-background-meta":{"desktop":{"background-color":"var(--ast-global-color-5)","background-image":"","background-repeat":"repeat","background-position":"center center","background-size":"auto","background-attachment":"scroll","background-type":"","background-media":"","overlay-type":"","overlay-color":"","overlay-opacity":"","overlay-gradient":""},"tablet":{"background-color":"var(--ast-global-color-5)","background-image":"","background-repeat":"repeat","background-position":"center center","background-size":"auto","background-attachment":"scroll","background-type":"","background-media":"","overlay-type":"","overlay-color":"","overlay-opacity":"","overlay-gradient":""},"mobile":{"background-color":"var(--ast-global-color-5)","background-image":"","background-repeat":"repeat","background-position":"center center","background-size":"auto","background-attachment":"scroll","background-type":"","background-media":"","overlay-type":"","overlay-color":"","overlay-opacity":"","overlay-gradient":""}},"footnotes":""},"class_list":["post-917","page","type-page","status-publish","hentry"],"yoast_head":"<!-- This site is optimized with the Yoast SEO plugin v27.2 - https:\/\/yoast.com\/product\/yoast-seo-wordpress\/ -->\n<title>R\u00e9flexologie PLANTAIRE - AnitA Baudouin<\/title>\n<meta name=\"robots\" content=\"index, follow, max-snippet:-1, max-image-preview:large, max-video-preview:-1\" \/>\n<link rel=\"canonical\" href=\"https:\/\/anita-baudouin-hypnose-naturopathie.fr\/index.php\/reflexologie-plantaire\/\" \/>\n<meta property=\"og:locale\" content=\"fr_FR\" \/>\n<meta property=\"og:type\" content=\"article\" \/>\n<meta property=\"og:title\" content=\"R\u00e9flexologie PLANTAIRE - AnitA Baudouin\" \/>\n<meta property=\"og:description\" content=\"R\u00e9flexologie PLANTAIRE La r\u00e9flexologie utilise une cartographie pr\u00e9cise des zones r\u00e9flexes des pieds. Pratiqu\u00e9e\u00a0sous forme de pression, elle permet de retrouver un \u00e9tat d\u2019\u00e9quilibre int\u00e9rieur, de d\u00e9tente et de vitalit\u00e9 et r\u00e9\u00e9quilibre les fonctions du syst\u00e8me nerveux, respiratoire, digestif, circulatoire\u2026 Contactez-moi pour prendre rendez-vous !\" \/>\n<meta property=\"og:url\" content=\"https:\/\/anita-baudouin-hypnose-naturopathie.fr\/index.php\/reflexologie-plantaire\/\" \/>\n<meta property=\"og:site_name\" content=\"AnitA Baudouin\" \/>\n<meta property=\"article:modified_time\" content=\"2023-11-20T15:51:32+00:00\" \/>\n<meta property=\"og:image\" content=\"http:\/\/anita-baudouin-hypnose-naturopathie.fr\/wp-content\/uploads\/2023\/09\/Medaillon-photo-AnitA-Baudouin-e1696537482272-768x776.png\" \/>\n<meta name=\"twitter:card\" content=\"summary_large_image\" \/>\n<script type=\"application\/ld+json\" class=\"yoast-schema-graph\">{\"@context\":\"https:\/\/schema.org\",\"@graph\":[{\"@type\":\"WebPage\",\"@id\":\"https:\/\/anita-baudouin-hypnose-naturopathie.fr\/index.php\/reflexologie-plantaire\/\",\"url\":\"https:\/\/anita-baudouin-hypnose-naturopathie.fr\/index.php\/reflexologie-plantaire\/\",\"name\":\"R\u00e9flexologie PLANTAIRE - AnitA Baudouin\",\"isPartOf\":{\"@id\":\"https:\/\/anita-baudouin-hypnose-naturopathie.fr\/#website\"},\"primaryImageOfPage\":{\"@id\":\"https:\/\/anita-baudouin-hypnose-naturopathie.fr\/index.php\/reflexologie-plantaire\/#primaryimage\"},\"image\":{\"@id\":\"https:\/\/anita-baudouin-hypnose-naturopathie.fr\/index.php\/reflexologie-plantaire\/#primaryimage\"},\"thumbnailUrl\":\"http:\/\/anita-baudouin-hypnose-naturopathie.fr\/wp-content\/uploads\/2023\/09\/Medaillon-photo-AnitA-Baudouin-e1696537482272-768x776.png\",\"datePublished\":\"2023-10-10T19:35:25+00:00\",\"dateModified\":\"2023-11-20T15:51:32+00:00\",\"breadcrumb\":{\"@id\":\"https:\/\/anita-baudouin-hypnose-naturopathie.fr\/index.php\/reflexologie-plantaire\/#breadcrumb\"},\"inLanguage\":\"fr-FR\",\"potentialAction\":[{\"@type\":\"ReadAction\",\"target\":[\"https:\/\/anita-baudouin-hypnose-naturopathie.fr\/index.php\/reflexologie-plantaire\/\"]}]},{\"@type\":\"ImageObject\",\"inLanguage\":\"fr-FR\",\"@id\":\"https:\/\/anita-baudouin-hypnose-naturopathie.fr\/index.php\/reflexologie-plantaire\/#primaryimage\",\"url\":\"https:\/\/anita-baudouin-hypnose-naturopathie.fr\/wp-content\/uploads\/2023\/09\/Medaillon-photo-AnitA-Baudouin-e1696537482272.png\",\"contentUrl\":\"https:\/\/anita-baudouin-hypnose-naturopathie.fr\/wp-content\/uploads\/2023\/09\/Medaillon-photo-AnitA-Baudouin-e1696537482272.png\",\"width\":3619,\"height\":3655},{\"@type\":\"BreadcrumbList\",\"@id\":\"https:\/\/anita-baudouin-hypnose-naturopathie.fr\/index.php\/reflexologie-plantaire\/#breadcrumb\",\"itemListElement\":[{\"@type\":\"ListItem\",\"position\":1,\"name\":\"Accueil\",\"item\":\"https:\/\/anita-baudouin-hypnose-naturopathie.fr\/\"},{\"@type\":\"ListItem\",\"position\":2,\"name\":\"R\u00e9flexologie PLANTAIRE\"}]},{\"@type\":\"WebSite\",\"@id\":\"https:\/\/anita-baudouin-hypnose-naturopathie.fr\/#website\",\"url\":\"https:\/\/anita-baudouin-hypnose-naturopathie.fr\/\",\"name\":\"AnitA Baudouin\",\"description\":\"Hypnose Naturopathie\",\"publisher\":{\"@id\":\"https:\/\/anita-baudouin-hypnose-naturopathie.fr\/#\/schema\/person\/3a60eab254d7448ec5d5963b56c5d7cd\"},\"potentialAction\":[{\"@type\":\"SearchAction\",\"target\":{\"@type\":\"EntryPoint\",\"urlTemplate\":\"https:\/\/anita-baudouin-hypnose-naturopathie.fr\/?s={search_term_string}\"},\"query-input\":{\"@type\":\"PropertyValueSpecification\",\"valueRequired\":true,\"valueName\":\"search_term_string\"}}],\"inLanguage\":\"fr-FR\"},{\"@type\":[\"Person\",\"Organization\"],\"@id\":\"https:\/\/anita-baudouin-hypnose-naturopathie.fr\/#\/schema\/person\/3a60eab254d7448ec5d5963b56c5d7cd\",\"name\":\"AnitA Baudouin\",\"image\":{\"@type\":\"ImageObject\",\"inLanguage\":\"fr-FR\",\"@id\":\"https:\/\/anita-baudouin-hypnose-naturopathie.fr\/wp-content\/uploads\/2023\/10\/cropped-Logo-Anita-Baudouin-2023.png\",\"url\":\"https:\/\/anita-baudouin-hypnose-naturopathie.fr\/wp-content\/uploads\/2023\/10\/cropped-Logo-Anita-Baudouin-2023.png\",\"contentUrl\":\"https:\/\/anita-baudouin-hypnose-naturopathie.fr\/wp-content\/uploads\/2023\/10\/cropped-Logo-Anita-Baudouin-2023.png\",\"width\":1003,\"height\":835,\"caption\":\"AnitA Baudouin\"},\"logo\":{\"@id\":\"https:\/\/anita-baudouin-hypnose-naturopathie.fr\/wp-content\/uploads\/2023\/10\/cropped-Logo-Anita-Baudouin-2023.png\"},\"sameAs\":[\"http:\/\/anita-baudouin-hypnose-naturopathie.fr\/\"]}]}<\/script>\n<!-- \/ Yoast SEO plugin. -->","yoast_head_json":{"title":"R\u00e9flexologie PLANTAIRE - AnitA Baudouin","robots":{"index":"index","follow":"follow","max-snippet":"max-snippet:-1","max-image-preview":"max-image-preview:large","max-video-preview":"max-video-preview:-1"},"canonical":"https:\/\/anita-baudouin-hypnose-naturopathie.fr\/index.php\/reflexologie-plantaire\/","og_locale":"fr_FR","og_type":"article","og_title":"R\u00e9flexologie PLANTAIRE - AnitA Baudouin","og_description":"R\u00e9flexologie PLANTAIRE La r\u00e9flexologie utilise une cartographie pr\u00e9cise des zones r\u00e9flexes des pieds. Pratiqu\u00e9e\u00a0sous forme de pression, elle permet de retrouver un \u00e9tat d\u2019\u00e9quilibre int\u00e9rieur, de d\u00e9tente et de vitalit\u00e9 et r\u00e9\u00e9quilibre les fonctions du syst\u00e8me nerveux, respiratoire, digestif, circulatoire\u2026 Contactez-moi pour prendre rendez-vous !","og_url":"https:\/\/anita-baudouin-hypnose-naturopathie.fr\/index.php\/reflexologie-plantaire\/","og_site_name":"AnitA Baudouin","article_modified_time":"2023-11-20T15:51:32+00:00","og_image":[{"url":"http:\/\/anita-baudouin-hypnose-naturopathie.fr\/wp-content\/uploads\/2023\/09\/Medaillon-photo-AnitA-Baudouin-e1696537482272-768x776.png","type":"","width":"","height":""}],"twitter_card":"summary_large_image","schema":{"@context":"https:\/\/schema.org","@graph":[{"@type":"WebPage","@id":"https:\/\/anita-baudouin-hypnose-naturopathie.fr\/index.php\/reflexologie-plantaire\/","url":"https:\/\/anita-baudouin-hypnose-naturopathie.fr\/index.php\/reflexologie-plantaire\/","name":"R\u00e9flexologie PLANTAIRE - AnitA Baudouin","isPartOf":{"@id":"https:\/\/anita-baudouin-hypnose-naturopathie.fr\/#website"},"primaryImageOfPage":{"@id":"https:\/\/anita-baudouin-hypnose-naturopathie.fr\/index.php\/reflexologie-plantaire\/#primaryimage"},"image":{"@id":"https:\/\/anita-baudouin-hypnose-naturopathie.fr\/index.php\/reflexologie-plantaire\/#primaryimage"},"thumbnailUrl":"http:\/\/anita-baudouin-hypnose-naturopathie.fr\/wp-content\/uploads\/2023\/09\/Medaillon-photo-AnitA-Baudouin-e1696537482272-768x776.png","datePublished":"2023-10-10T19:35:25+00:00","dateModified":"2023-11-20T15:51:32+00:00","breadcrumb":{"@id":"https:\/\/anita-baudouin-hypnose-naturopathie.fr\/index.php\/reflexologie-plantaire\/#breadcrumb"},"inLanguage":"fr-FR","potentialAction":[{"@type":"ReadAction","target":["https:\/\/anita-baudouin-hypnose-naturopathie.fr\/index.php\/reflexologie-plantaire\/"]}]},{"@type":"ImageObject","inLanguage":"fr-FR","@id":"https:\/\/anita-baudouin-hypnose-naturopathie.fr\/index.php\/reflexologie-plantaire\/#primaryimage","url":"https:\/\/anita-baudouin-hypnose-naturopathie.fr\/wp-content\/uploads\/2023\/09\/Medaillon-photo-AnitA-Baudouin-e1696537482272.png","contentUrl":"https:\/\/anita-baudouin-hypnose-naturopathie.fr\/wp-content\/uploads\/2023\/09\/Medaillon-photo-AnitA-Baudouin-e1696537482272.png","width":3619,"height":3655},{"@type":"BreadcrumbList","@id":"https:\/\/anita-baudouin-hypnose-naturopathie.fr\/index.php\/reflexologie-plantaire\/#breadcrumb","itemListElement":[{"@type":"ListItem","position":1,"name":"Accueil","item":"https:\/\/anita-baudouin-hypnose-naturopathie.fr\/"},{"@type":"ListItem","position":2,"name":"R\u00e9flexologie PLANTAIRE"}]},{"@type":"WebSite","@id":"https:\/\/anita-baudouin-hypnose-naturopathie.fr\/#website","url":"https:\/\/anita-baudouin-hypnose-naturopathie.fr\/","name":"AnitA Baudouin","description":"Hypnose Naturopathie","publisher":{"@id":"https:\/\/anita-baudouin-hypnose-naturopathie.fr\/#\/schema\/person\/3a60eab254d7448ec5d5963b56c5d7cd"},"potentialAction":[{"@type":"SearchAction","target":{"@type":"EntryPoint","urlTemplate":"https:\/\/anita-baudouin-hypnose-naturopathie.fr\/?s={search_term_string}"},"query-input":{"@type":"PropertyValueSpecification","valueRequired":true,"valueName":"search_term_string"}}],"inLanguage":"fr-FR"},{"@type":["Person","Organization"],"@id":"https:\/\/anita-baudouin-hypnose-naturopathie.fr\/#\/schema\/person\/3a60eab254d7448ec5d5963b56c5d7cd","name":"AnitA Baudouin","image":{"@type":"ImageObject","inLanguage":"fr-FR","@id":"https:\/\/anita-baudouin-hypnose-naturopathie.fr\/wp-content\/uploads\/2023\/10\/cropped-Logo-Anita-Baudouin-2023.png","url":"https:\/\/anita-baudouin-hypnose-naturopathie.fr\/wp-content\/uploads\/2023\/10\/cropped-Logo-Anita-Baudouin-2023.png","contentUrl":"https:\/\/anita-baudouin-hypnose-naturopathie.fr\/wp-content\/uploads\/2023\/10\/cropped-Logo-Anita-Baudouin-2023.png","width":1003,"height":835,"caption":"AnitA Baudouin"},"logo":{"@id":"https:\/\/anita-baudouin-hypnose-naturopathie.fr\/wp-content\/uploads\/2023\/10\/cropped-Logo-Anita-Baudouin-2023.png"},"sameAs":["http:\/\/anita-baudouin-hypnose-naturopathie.fr\/"]}]}},"_links":{"self":[{"href":"https:\/\/anita-baudouin-hypnose-naturopathie.fr\/index.php\/wp-json\/wp\/v2\/pages\/917","targetHints":{"allow":["GET"]}}],"collection":[{"href":"https:\/\/anita-baudouin-hypnose-naturopathie.fr\/index.php\/wp-json\/wp\/v2\/pages"}],"about":[{"href":"https:\/\/anita-baudouin-hypnose-naturopathie.fr\/index.php\/wp-json\/wp\/v2\/types\/page"}],"author":[{"embeddable":true,"href":"https:\/\/anita-baudouin-hypnose-naturopathie.fr\/index.php\/wp-json\/wp\/v2\/users\/1"}],"replies":[{"embeddable":true,"href":"https:\/\/anita-baudouin-hypnose-naturopathie.fr\/index.php\/wp-json\/wp\/v2\/comments?post=917"}],"version-history":[{"count":11,"href":"https:\/\/anita-baudouin-hypnose-naturopathie.fr\/index.php\/wp-json\/wp\/v2\/pages\/917\/revisions"}],"predecessor-version":[{"id":1768,"href":"https:\/\/anita-baudouin-hypnose-naturopathie.fr\/index.php\/wp-json\/wp\/v2\/pages\/917\/revisions\/1768"}],"wp:attachment":[{"href":"https:\/\/anita-baudouin-hypnose-naturopathie.fr\/index.php\/wp-json\/wp\/v2\/media?parent=917"}],"curies":[{"name":"wp","href":"https:\/\/api.w.org\/{rel}","templated":true}]}}